{"id":969,"date":"2024-11-21T15:44:37","date_gmt":"2024-11-21T15:44:37","guid":{"rendered":"https:\/\/niederschulte-beratungsprinzip.de\/?page_id=969"},"modified":"2025-05-28T18:22:16","modified_gmt":"2025-05-28T18:22:16","slug":"tagungsmoderation","status":"publish","type":"page","link":"https:\/\/niederschulte-beratungsprinzip.de\/?page_id=969","title":{"rendered":"Moderation"},"content":{"rendered":"\n<style type=\"text\/css\" data-created_by=\"avia_inline_auto\" id=\"style-css-av-145nae-183c8dcf382f455ce84dae3ce64a3e9f\">\n.avia-section.av-145nae-183c8dcf382f455ce84dae3ce64a3e9f{\nbackground-repeat:no-repeat;\nbackground-image:url(https:\/\/niederschulte-beratungsprinzip.de\/wp-content\/uploads\/2024\/11\/IMG_20240622_142905-300x256.jpg);\nbackground-position:50% 100%;\nbackground-attachment:scroll;\n}\n.avia-section.av-145nae-183c8dcf382f455ce84dae3ce64a3e9f .av-section-color-overlay{\nopacity:0.6;\nbackground-color:#ffffff;\n}\n<\/style>\n<div id='av_section_1'  class='avia-section av-145nae-183c8dcf382f455ce84dae3ce64a3e9f main_color avia-section-default avia-no-border-styling  avia-builder-el-0  el_before_av_hr  avia-builder-el-first  avia-full-stretch avia-bg-style-scroll av-section-color-overlay-active av-minimum-height av-minimum-height-custom av-height-custom  container_wrap fullsize'  data-section-bg-repeat='stretch' data-av_minimum_height_px='230'><div class=\"av-section-color-overlay-wrap\"><div class=\"av-section-color-overlay\"><\/div><div class='container av-section-cont-open' style='height:230px'><main  role=\"main\" itemprop=\"mainContentOfPage\"  class='template-page content  av-content-full alpha units'><div class='post-entry post-entry-type-page post-entry-969'><div class='entry-content-wrapper clearfix'>\n\n<style type=\"text\/css\" data-created_by=\"avia_inline_auto\" id=\"style-css-av-jgf3pjem-ee2a691ebc0a9a100bc99d372a9c72ca\">\n#top .flex_column.av-jgf3pjem-ee2a691ebc0a9a100bc99d372a9c72ca{\nmargin-top:0px;\nmargin-bottom:0px;\n}\n.flex_column.av-jgf3pjem-ee2a691ebc0a9a100bc99d372a9c72ca{\nborder-radius:0px 0px 0px 0px;\npadding:0px 0px 0px 0px;\n}\n.responsive #top #wrap_all .flex_column.av-jgf3pjem-ee2a691ebc0a9a100bc99d372a9c72ca{\nmargin-top:0px;\nmargin-bottom:0px;\n}\n<\/style>\n<div  class='flex_column av-jgf3pjem-ee2a691ebc0a9a100bc99d372a9c72ca av_one_full  avia-builder-el-1  avia-builder-el-no-sibling  first flex_column_div av-animated-generic left-to-right av-zero-column-padding  '     ><style type=\"text\/css\" data-created_by=\"avia_inline_auto\" id=\"style-css-av-jgs0mnr3-f53e172a065d9cc82c02dffc49241cc6\">\n#top .av-special-heading.av-jgs0mnr3-f53e172a065d9cc82c02dffc49241cc6{\nmargin:0 0 0 0;\npadding-bottom:0;\nfont-size:4vw;\n}\nbody .av-special-heading.av-jgs0mnr3-f53e172a065d9cc82c02dffc49241cc6 .av-special-heading-tag .heading-char{\nfont-size:25px;\n}\n#top #wrap_all .av-special-heading.av-jgs0mnr3-f53e172a065d9cc82c02dffc49241cc6 .av-special-heading-tag{\nfont-size:4vw;\n}\n.av-special-heading.av-jgs0mnr3-f53e172a065d9cc82c02dffc49241cc6 .av-subheading{\nfont-size:25px;\n}\n\n@media only screen and (min-width: 480px) and (max-width: 767px){ \n#top #wrap_all .av-special-heading.av-jgs0mnr3-f53e172a065d9cc82c02dffc49241cc6 .av-special-heading-tag{\nfont-size:0.8em;\n}\n}\n\n@media only screen and (max-width: 479px){ \n#top #wrap_all .av-special-heading.av-jgs0mnr3-f53e172a065d9cc82c02dffc49241cc6 .av-special-heading-tag{\nfont-size:0.8em;\n}\n}\n<\/style>\n<div  class='av-special-heading av-jgs0mnr3-f53e172a065d9cc82c02dffc49241cc6 av-special-heading-h2 custom-color-heading blockquote elegant-quote elegant-centered  avia-builder-el-2  avia-builder-el-no-sibling  av-inherit-size'><h2 class='av-special-heading-tag '  itemprop=\"headline\"  ><span class=\"heading-wrap\">Moderation<\/span><\/h2><div class=\"special-heading-border\"><div class=\"special-heading-inner-border\"><\/div><\/div><\/div><\/div>\n<\/div><\/div><\/main><!-- close content main element --><\/div><\/div><\/div><div id='after_section_1'  class='main_color av_default_container_wrap container_wrap fullsize'  ><div class='container av-section-cont-open' ><div class='template-page content  av-content-full alpha units'><div class='post-entry post-entry-type-page post-entry-969'><div class='entry-content-wrapper clearfix'>\n\n<style type=\"text\/css\" data-created_by=\"avia_inline_auto\" id=\"style-css-av-jgf4q5kq-bfb0f19f812bf07af9ac8099f74f3ba3\">\n#top .hr.hr-invisible.av-jgf4q5kq-bfb0f19f812bf07af9ac8099f74f3ba3{\nheight:20px;\n}\n<\/style>\n<div  class='hr av-jgf4q5kq-bfb0f19f812bf07af9ac8099f74f3ba3 hr-invisible  avia-builder-el-3  el_after_av_section  el_before_av_one_half  avia-builder-el-first '><span class='hr-inner '><span class=\"hr-inner-style\"><\/span><\/span><\/div>\n<div  class='flex_column av-1hk7t-1efcff4094d24764f9947c632d22f214 av_one_half  avia-builder-el-4  el_after_av_hr  el_before_av_one_half  first flex_column_div  '     ><section  class='av_textblock_section av-m3ltobh6-0b2880f92538489b737338297e80f5ad '   itemscope=\"itemscope\" itemtype=\"https:\/\/schema.org\/CreativeWork\" ><div class='avia_textblock'  itemprop=\"text\" ><p>Meine Moderation sorgt daf\u00fcr, dass Sie am Ende wissen, wof\u00fcr Sie Ihre Zeit eingesetzt haben.<\/p>\n<p>Gerne moderiere ich Ihre <strong>Tagung, Sitzung<\/strong>\u00a0oder <strong>innovatives Werkstattformat<\/strong> und f\u00fchre die Teilnehmenden begleitend auf der B\u00fchne oder auch zur Entwicklung priorisierter Ziele, klarer Aufgaben und gemeinsamen Ergebnissen.<\/p>\n<p>Vielf\u00e4ltige Erfahrungen in (Jugend-)Themen, wie sexuelle Bildung, Medienp\u00e4dagogik, Bildung f\u00fcr nachhaltige Entwicklung, Kinder- und Jugendf\u00f6rderung, Jugendhilfe oder Schulentwicklung aber auch integrierte Sozialplanung bringe ich gerne mit ein.<\/p>\n<p>Meine Stichworte: Komplexit\u00e4tsreduktion, fokussierte Arbeit, l\u00f6sungs- und ergebnisorientiert, integrierte Strukturen, verbindliche Zusammenarbeit und ein St\u00fcck <strong>Begeisterung<\/strong>.<\/p>\n<\/div><\/section><\/div><div  class='flex_column av-a30nd-ae3ce9e14ba839772b303b14e9f1e883 av_one_half  avia-builder-el-6  el_after_av_one_half  el_before_av_hr  flex_column_div  '     ><style type=\"text\/css\" data-created_by=\"avia_inline_auto\" id=\"style-css-av-m6whr0lw-efdad94a5beb51810ea10a9d12b2c33d\">\n.avia-image-container.av-m6whr0lw-efdad94a5beb51810ea10a9d12b2c33d img.avia_image{\nbox-shadow:none;\n}\n.avia-image-container.av-m6whr0lw-efdad94a5beb51810ea10a9d12b2c33d .av-image-caption-overlay-center{\ncolor:#ffffff;\n}\n<\/style>\n<div  class='avia-image-container av-m6whr0lw-efdad94a5beb51810ea10a9d12b2c33d av-styling- avia-align-center  avia-builder-el-7  avia-builder-el-no-sibling '   itemprop=\"image\" itemscope=\"itemscope\" itemtype=\"https:\/\/schema.org\/ImageObject\" ><div class=\"avia-image-container-inner\"><div class=\"avia-image-overlay-wrap\"><img decoding=\"async\" fetchpriority=\"high\" class='wp-image-1201 avia-img-lazy-loading-not-1201 avia_image ' src=\"https:\/\/niederschulte-beratungsprinzip.de\/wp-content\/uploads\/2025\/02\/Tisch-e1739473847245-1024x871.jpg\" alt='' title='Tisch'  height=\"871\" width=\"1024\"  itemprop=\"thumbnailUrl\" srcset=\"https:\/\/niederschulte-beratungsprinzip.de\/wp-content\/uploads\/2025\/02\/Tisch-e1739473847245-1024x871.jpg 1024w, https:\/\/niederschulte-beratungsprinzip.de\/wp-content\/uploads\/2025\/02\/Tisch-e1739473847245-300x255.jpg 300w, https:\/\/niederschulte-beratungsprinzip.de\/wp-content\/uploads\/2025\/02\/Tisch-e1739473847245-768x653.jpg 768w, https:\/\/niederschulte-beratungsprinzip.de\/wp-content\/uploads\/2025\/02\/Tisch-e1739473847245-705x599.jpg 705w, https:\/\/niederschulte-beratungsprinzip.de\/wp-content\/uploads\/2025\/02\/Tisch-e1739473847245.jpg 1443w\" sizes=\"(max-width: 1024px) 100vw, 1024px\" \/><\/div><\/div><\/div><\/div><\/p>\n\n<style type=\"text\/css\" data-created_by=\"avia_inline_auto\" id=\"style-css-av-6q38a-1481ce3c8974f6d867c3bc87aa640efd\">\n#top .hr.hr-invisible.av-6q38a-1481ce3c8974f6d867c3bc87aa640efd{\nheight:20px;\n}\n<\/style>\n<div  class='hr av-6q38a-1481ce3c8974f6d867c3bc87aa640efd hr-invisible  avia-builder-el-8  el_after_av_one_half  el_before_av_section  avia-builder-el-last '><span class='hr-inner '><span class=\"hr-inner-style\"><\/span><\/span><\/div>\n<\/div><\/div><\/div><!-- close content main div --><\/div><\/div>\n<style type=\"text\/css\" data-created_by=\"avia_inline_auto\" id=\"style-css-av-qet8u-56-64391e820c5b5dcfba0c6b5f58bf8c3e\">\n.avia-section.av-qet8u-56-64391e820c5b5dcfba0c6b5f58bf8c3e{\nbackground-color:#094978;\nbackground:linear-gradient( to top right, #094978, #105e96 );\n}\n<\/style>\n<div id='av_section_2'  class='avia-section av-qet8u-56-64391e820c5b5dcfba0c6b5f58bf8c3e main_color avia-section-default avia-no-border-styling  avia-builder-el-9  el_after_av_hr  el_before_av_hr  avia-bg-style-scroll container_wrap fullsize'  ><div class='container av-section-cont-open' ><div class='template-page content  av-content-full alpha units'><div class='post-entry post-entry-type-page post-entry-969'><div class='entry-content-wrapper clearfix'>\n\n<style type=\"text\/css\" data-created_by=\"avia_inline_auto\" id=\"style-css-av-m3re2vdw-45f6445738770277232482873c56b4b4\">\n#top .av-special-heading.av-m3re2vdw-45f6445738770277232482873c56b4b4{\npadding-bottom:10px;\ncolor:#ffffff;\n}\nbody .av-special-heading.av-m3re2vdw-45f6445738770277232482873c56b4b4 .av-special-heading-tag .heading-char{\nfont-size:25px;\n}\n.av-special-heading.av-m3re2vdw-45f6445738770277232482873c56b4b4 .special-heading-inner-border{\nborder-color:#ffffff;\n}\n.av-special-heading.av-m3re2vdw-45f6445738770277232482873c56b4b4 .av-subheading{\nfont-size:15px;\n}\n<\/style>\n<div  class='av-special-heading av-m3re2vdw-45f6445738770277232482873c56b4b4 av-special-heading-h3 custom-color-heading blockquote elegant-quote elegant-centered  avia-builder-el-10  el_before_av_one_full  avia-builder-el-first '><h3 class='av-special-heading-tag '  itemprop=\"headline\"  ><span class=\"heading-wrap\">Haben Sie Interesse an einer Moderation?<\/span><\/h3><div class=\"special-heading-border\"><div class=\"special-heading-inner-border\"><\/div><\/div><\/div>\n<div class='flex_column_table av-lsyke-2634925810cdf971c2a347148155bd71 sc-av_one_full av-equal-height-column-flextable'>\n<style type=\"text\/css\" data-created_by=\"avia_inline_auto\" id=\"style-css-av-lsyke-2634925810cdf971c2a347148155bd71\">\n.flex_column.av-lsyke-2634925810cdf971c2a347148155bd71{\nborder-radius:0px 0px 0px 0px;\npadding:0px 0px 0px 0px;\n}\n<\/style>\n<div  class='flex_column av-lsyke-2634925810cdf971c2a347148155bd71 av_one_full  avia-builder-el-11  el_after_av_heading  avia-builder-el-last  first flex_column_table_cell av-equal-height-column av-align-middle av-zero-column-padding  '     ><div  class='avia-button-wrap av-jgf4ovnq-28-adfc4e2587d4a4516c29f493bf03feb3-wrap avia-button-center  avia-builder-el-12  avia-builder-el-no-sibling '>\n<style type=\"text\/css\" data-created_by=\"avia_inline_auto\" id=\"style-css-av-jgf4ovnq-28-adfc4e2587d4a4516c29f493bf03feb3\">\n#top #wrap_all .avia-button.av-jgf4ovnq-28-adfc4e2587d4a4516c29f493bf03feb3{\nbackground-color:#ffffff;\nborder-color:#ffffff;\ncolor:#000000;\ntransition:all 0.4s ease-in-out;\n}\n#top #wrap_all .avia-button.av-jgf4ovnq-28-adfc4e2587d4a4516c29f493bf03feb3 .avia-svg-icon svg:first-child{\nfill:#000000;\nstroke:#000000;\n}\n<\/style>\n<a href='https:\/\/niederschulte-beratungsprinzip.de\/?page_id=156'  class='avia-button av-jgf4ovnq-28-adfc4e2587d4a4516c29f493bf03feb3 av-link-btn avia-icon_select-yes-right-icon avia-size-large avia-position-center av-icon-on-hover'   aria-label=\"Kontakt\"><span class='avia_iconbox_title' >Kontakt<\/span><span class='avia_button_icon avia_button_icon_right avia-iconfont avia-font-entypo-fontello' data-av_icon='\ue879' data-av_iconfont='entypo-fontello' ><\/span><\/a><\/div><\/div><\/div><!--close column table wrapper. Autoclose: 1 -->\n<\/div><\/div><\/div><!-- close content main div --><\/div><\/div><div id='after_section_2'  class='main_color av_default_container_wrap container_wrap fullsize'  ><div class='container av-section-cont-open' ><div class='template-page content  av-content-full alpha units'><div class='post-entry post-entry-type-page post-entry-969'><div class='entry-content-wrapper clearfix'>\n\n<style type=\"text\/css\" data-created_by=\"avia_inline_auto\" id=\"style-css-av-m3relomu-790a878a81cf35bb21aa04bd3291a6c9\">\n#top .hr.av-m3relomu-790a878a81cf35bb21aa04bd3291a6c9{\nmargin-top:50px;\nmargin-bottom:65px;\n}\n.hr.av-m3relomu-790a878a81cf35bb21aa04bd3291a6c9 .hr-inner{\nwidth:50px;\nborder-color:#d3d3d3;\nmax-width:45%;\n}\n.hr.av-m3relomu-790a878a81cf35bb21aa04bd3291a6c9 .av-seperator-icon{\ncolor:#072f4c;\n}\n.hr.av-m3relomu-790a878a81cf35bb21aa04bd3291a6c9 .av-seperator-icon.avia-svg-icon svg:first-child{\nfill:#072f4c;\nstroke:#072f4c;\n}\n<\/style>\n<div  class='hr av-m3relomu-790a878a81cf35bb21aa04bd3291a6c9 hr-custom  avia-builder-el-13  el_after_av_section  el_before_av_heading  avia-builder-el-first  hr-center hr-icon-yes'><span class='hr-inner inner-border-av-border-thin'><span class=\"hr-inner-style\"><\/span><\/span><span class='av-seperator-icon avia-iconfont avia-font-entypo-fontello' data-av_icon='\ue841' data-av_iconfont='entypo-fontello' ><\/span><span class='hr-inner inner-border-av-border-thin'><span class=\"hr-inner-style\"><\/span><\/span><\/div>\n\n<style type=\"text\/css\" data-created_by=\"avia_inline_auto\" id=\"style-css-av-m3re8wa1-a93244583c9b7df0f986e176453217e1\">\n#top .av-special-heading.av-m3re8wa1-a93244583c9b7df0f986e176453217e1{\npadding-bottom:10px;\n}\nbody .av-special-heading.av-m3re8wa1-a93244583c9b7df0f986e176453217e1 .av-special-heading-tag .heading-char{\nfont-size:25px;\n}\n.av-special-heading.av-m3re8wa1-a93244583c9b7df0f986e176453217e1 .av-subheading{\nfont-size:15px;\n}\n<\/style>\n<div  class='av-special-heading av-m3re8wa1-a93244583c9b7df0f986e176453217e1 av-special-heading-h3 blockquote elegant-quote elegant-centered  avia-builder-el-14  el_after_av_hr  el_before_av_buttonrow '><h3 class='av-special-heading-tag '  itemprop=\"headline\"  ><span class=\"heading-wrap\">Leistungen<\/span><\/h3><div class=\"special-heading-border\"><div class=\"special-heading-inner-border\"><\/div><\/div><\/div>\n<div  class='avia-buttonrow-wrap av-m3rebz6i-1e6b773921993220373bb55e9acdf390 avia-buttonrow-center  avia-builder-el-15  el_after_av_heading  avia-builder-el-last '>\n\n<style type=\"text\/css\" data-created_by=\"avia_inline_auto\" id=\"style-css-av-m3rebezk-a19e0aef47272c1baeeeefac344b2b1d\">\n#top #wrap_all .avia-button.av-m3rebezk-a19e0aef47272c1baeeeefac344b2b1d{\nmargin-bottom:5px;\nmargin-right:3px;\nmargin-left:3px;\n}\n<\/style>\n<a href='https:\/\/niederschulte-beratungsprinzip.de\/?page_id=1076'  class='avia-button av-m3rebezk-a19e0aef47272c1baeeeefac344b2b1d avia-icon_select-no avia-size-small avia-color-theme-color'   aria-label=\"Prozessbegleitung\"><span class='avia_iconbox_title' >Prozessbegleitung<\/span><\/a>\n\n<style type=\"text\/css\" data-created_by=\"avia_inline_auto\" id=\"style-css-av-m3reby7z-1ddb9c9bf2fbdccfdf90a2f9731c72dc\">\n#top #wrap_all .avia-button.av-m3reby7z-1ddb9c9bf2fbdccfdf90a2f9731c72dc{\nmargin-bottom:5px;\nmargin-right:3px;\nmargin-left:3px;\n}\n<\/style>\n<a href='https:\/\/niederschulte-beratungsprinzip.de\/?page_id=1243'  class='avia-button av-m3reby7z-1ddb9c9bf2fbdccfdf90a2f9731c72dc avia-icon_select-no avia-size-small avia-color-theme-color'   aria-label=\"Weitere Leistungen\"><span class='avia_iconbox_title' >Weitere Leistungen<\/span><\/a>\n<\/div>\n","protected":false},"excerpt":{"rendered":"","protected":false},"author":1,"featured_media":0,"parent":0,"menu_order":0,"comment_status":"closed","ping_status":"closed","template":"","meta":{"footnotes":""},"class_list":["post-969","page","type-page","status-publish","hentry"],"yoast_head":"<!-- This site is optimized with the Yoast SEO plugin v27.5 - https:\/\/yoast.com\/product\/yoast-seo-wordpress\/ -->\n<title>Moderation - Niederschulte-Beratungsprinzip<\/title>\n<meta name=\"robots\" content=\"index, follow, max-snippet:-1, max-image-preview:large, max-video-preview:-1\" \/>\n<link rel=\"canonical\" href=\"https:\/\/niederschulte-beratungsprinzip.de\/?page_id=969\" \/>\n<meta property=\"og:locale\" content=\"de_DE\" \/>\n<meta property=\"og:type\" content=\"article\" \/>\n<meta property=\"og:title\" content=\"Moderation - Niederschulte-Beratungsprinzip\" \/>\n<meta property=\"og:url\" content=\"https:\/\/niederschulte-beratungsprinzip.de\/?page_id=969\" \/>\n<meta property=\"og:site_name\" content=\"Niederschulte-Beratungsprinzip\" \/>\n<meta property=\"article:modified_time\" content=\"2025-05-28T18:22:16+00:00\" \/>\n<meta name=\"twitter:card\" content=\"summary_large_image\" \/>\n<meta name=\"twitter:label1\" content=\"Gesch\u00e4tzte Lesezeit\" \/>\n\t<meta name=\"twitter:data1\" content=\"1\u00a0Minute\" \/>\n<script type=\"application\/ld+json\" class=\"yoast-schema-graph\">{\"@context\":\"https:\\\/\\\/schema.org\",\"@graph\":[{\"@type\":\"WebPage\",\"@id\":\"https:\\\/\\\/niederschulte-beratungsprinzip.de\\\/?page_id=969\",\"url\":\"https:\\\/\\\/niederschulte-beratungsprinzip.de\\\/?page_id=969\",\"name\":\"Moderation - Niederschulte-Beratungsprinzip\",\"isPartOf\":{\"@id\":\"https:\\\/\\\/niederschulte-beratungsprinzip.de\\\/#website\"},\"datePublished\":\"2024-11-21T15:44:37+00:00\",\"dateModified\":\"2025-05-28T18:22:16+00:00\",\"breadcrumb\":{\"@id\":\"https:\\\/\\\/niederschulte-beratungsprinzip.de\\\/?page_id=969#breadcrumb\"},\"inLanguage\":\"de\",\"potentialAction\":[{\"@type\":\"ReadAction\",\"target\":[\"https:\\\/\\\/niederschulte-beratungsprinzip.de\\\/?page_id=969\"]}]},{\"@type\":\"BreadcrumbList\",\"@id\":\"https:\\\/\\\/niederschulte-beratungsprinzip.de\\\/?page_id=969#breadcrumb\",\"itemListElement\":[{\"@type\":\"ListItem\",\"position\":1,\"name\":\"Startseite\",\"item\":\"https:\\\/\\\/niederschulte-beratungsprinzip.de\\\/\"},{\"@type\":\"ListItem\",\"position\":2,\"name\":\"Moderation\"}]},{\"@type\":\"WebSite\",\"@id\":\"https:\\\/\\\/niederschulte-beratungsprinzip.de\\\/#website\",\"url\":\"https:\\\/\\\/niederschulte-beratungsprinzip.de\\\/\",\"name\":\"Niederschulte-Beratungsprinzip\",\"description\":\"\",\"potentialAction\":[{\"@type\":\"SearchAction\",\"target\":{\"@type\":\"EntryPoint\",\"urlTemplate\":\"https:\\\/\\\/niederschulte-beratungsprinzip.de\\\/?s={search_term_string}\"},\"query-input\":{\"@type\":\"PropertyValueSpecification\",\"valueRequired\":true,\"valueName\":\"search_term_string\"}}],\"inLanguage\":\"de\"}]}<\/script>\n<!-- \/ Yoast SEO plugin. -->","yoast_head_json":{"title":"Moderation - Niederschulte-Beratungsprinzip","robots":{"index":"index","follow":"follow","max-snippet":"max-snippet:-1","max-image-preview":"max-image-preview:large","max-video-preview":"max-video-preview:-1"},"canonical":"https:\/\/niederschulte-beratungsprinzip.de\/?page_id=969","og_locale":"de_DE","og_type":"article","og_title":"Moderation - Niederschulte-Beratungsprinzip","og_url":"https:\/\/niederschulte-beratungsprinzip.de\/?page_id=969","og_site_name":"Niederschulte-Beratungsprinzip","article_modified_time":"2025-05-28T18:22:16+00:00","twitter_card":"summary_large_image","twitter_misc":{"Gesch\u00e4tzte Lesezeit":"1\u00a0Minute"},"schema":{"@context":"https:\/\/schema.org","@graph":[{"@type":"WebPage","@id":"https:\/\/niederschulte-beratungsprinzip.de\/?page_id=969","url":"https:\/\/niederschulte-beratungsprinzip.de\/?page_id=969","name":"Moderation - Niederschulte-Beratungsprinzip","isPartOf":{"@id":"https:\/\/niederschulte-beratungsprinzip.de\/#website"},"datePublished":"2024-11-21T15:44:37+00:00","dateModified":"2025-05-28T18:22:16+00:00","breadcrumb":{"@id":"https:\/\/niederschulte-beratungsprinzip.de\/?page_id=969#breadcrumb"},"inLanguage":"de","potentialAction":[{"@type":"ReadAction","target":["https:\/\/niederschulte-beratungsprinzip.de\/?page_id=969"]}]},{"@type":"BreadcrumbList","@id":"https:\/\/niederschulte-beratungsprinzip.de\/?page_id=969#breadcrumb","itemListElement":[{"@type":"ListItem","position":1,"name":"Startseite","item":"https:\/\/niederschulte-beratungsprinzip.de\/"},{"@type":"ListItem","position":2,"name":"Moderation"}]},{"@type":"WebSite","@id":"https:\/\/niederschulte-beratungsprinzip.de\/#website","url":"https:\/\/niederschulte-beratungsprinzip.de\/","name":"Niederschulte-Beratungsprinzip","description":"","potentialAction":[{"@type":"SearchAction","target":{"@type":"EntryPoint","urlTemplate":"https:\/\/niederschulte-beratungsprinzip.de\/?s={search_term_string}"},"query-input":{"@type":"PropertyValueSpecification","valueRequired":true,"valueName":"search_term_string"}}],"inLanguage":"de"}]}},"_links":{"self":[{"href":"https:\/\/niederschulte-beratungsprinzip.de\/index.php?rest_route=\/wp\/v2\/pages\/969","targetHints":{"allow":["GET"]}}],"collection":[{"href":"https:\/\/niederschulte-beratungsprinzip.de\/index.php?rest_route=\/wp\/v2\/pages"}],"about":[{"href":"https:\/\/niederschulte-beratungsprinzip.de\/index.php?rest_route=\/wp\/v2\/types\/page"}],"author":[{"embeddable":true,"href":"https:\/\/niederschulte-beratungsprinzip.de\/index.php?rest_route=\/wp\/v2\/users\/1"}],"replies":[{"embeddable":true,"href":"https:\/\/niederschulte-beratungsprinzip.de\/index.php?rest_route=%2Fwp%2Fv2%2Fcomments&post=969"}],"version-history":[{"count":24,"href":"https:\/\/niederschulte-beratungsprinzip.de\/index.php?rest_route=\/wp\/v2\/pages\/969\/revisions"}],"predecessor-version":[{"id":1439,"href":"https:\/\/niederschulte-beratungsprinzip.de\/index.php?rest_route=\/wp\/v2\/pages\/969\/revisions\/1439"}],"wp:attachment":[{"href":"https:\/\/niederschulte-beratungsprinzip.de\/index.php?rest_route=%2Fwp%2Fv2%2Fmedia&parent=969"}],"curies":[{"name":"wp","href":"https:\/\/api.w.org\/{rel}","templated":true}]}}