{"id":1076,"date":"2025-01-26T16:43:32","date_gmt":"2025-01-26T16:43:32","guid":{"rendered":"https:\/\/niederschulte-beratungsprinzip.de\/?page_id=1076"},"modified":"2025-05-28T19:20:19","modified_gmt":"2025-05-28T19:20:19","slug":"planungsberatung-spielseite-prozessbegleitung","status":"publish","type":"page","link":"https:\/\/niederschulte-beratungsprinzip.de\/?page_id=1076","title":{"rendered":"Prozessbegleitung"},"content":{"rendered":"\n<style type=\"text\/css\" data-created_by=\"avia_inline_auto\" id=\"style-css-av-145nae-183c8dcf382f455ce84dae3ce64a3e9f\">\n.avia-section.av-145nae-183c8dcf382f455ce84dae3ce64a3e9f{\nbackground-repeat:no-repeat;\nbackground-image:url(https:\/\/niederschulte-beratungsprinzip.de\/wp-content\/uploads\/2024\/11\/IMG_20240622_142905-300x256.jpg);\nbackground-position:50% 100%;\nbackground-attachment:scroll;\n}\n.avia-section.av-145nae-183c8dcf382f455ce84dae3ce64a3e9f .av-section-color-overlay{\nopacity:0.6;\nbackground-color:#ffffff;\n}\n<\/style>\n<div id='av_section_1'  class='avia-section av-145nae-183c8dcf382f455ce84dae3ce64a3e9f main_color avia-section-default avia-no-border-styling  avia-builder-el-0  el_before_av_one_half  avia-builder-el-first  avia-full-stretch avia-bg-style-scroll av-section-color-overlay-active av-minimum-height av-minimum-height-custom av-height-custom  container_wrap fullsize'  data-section-bg-repeat='stretch' data-av_minimum_height_px='230'><div class=\"av-section-color-overlay-wrap\"><div class=\"av-section-color-overlay\"><\/div><div class='container av-section-cont-open' style='height:230px'><main  role=\"main\" itemprop=\"mainContentOfPage\"  class='template-page content  av-content-full alpha units'><div class='post-entry post-entry-type-page post-entry-1076'><div class='entry-content-wrapper clearfix'>\n\n<style type=\"text\/css\" data-created_by=\"avia_inline_auto\" id=\"style-css-av-jgf3pjem-ee2a691ebc0a9a100bc99d372a9c72ca\">\n#top .flex_column.av-jgf3pjem-ee2a691ebc0a9a100bc99d372a9c72ca{\nmargin-top:0px;\nmargin-bottom:0px;\n}\n.flex_column.av-jgf3pjem-ee2a691ebc0a9a100bc99d372a9c72ca{\nborder-radius:0px 0px 0px 0px;\npadding:0px 0px 0px 0px;\n}\n.responsive #top #wrap_all .flex_column.av-jgf3pjem-ee2a691ebc0a9a100bc99d372a9c72ca{\nmargin-top:0px;\nmargin-bottom:0px;\n}\n<\/style>\n<div  class='flex_column av-jgf3pjem-ee2a691ebc0a9a100bc99d372a9c72ca av_one_full  avia-builder-el-1  avia-builder-el-no-sibling  first flex_column_div av-animated-generic left-to-right av-zero-column-padding  '     ><style type=\"text\/css\" data-created_by=\"avia_inline_auto\" id=\"style-css-av-jgs0mnr3-4ab89f046934b38bd54afef01c03d39c\">\n#top .av-special-heading.av-jgs0mnr3-4ab89f046934b38bd54afef01c03d39c{\nmargin:0 0 0 0;\npadding-bottom:0;\nfont-size:4vw;\n}\nbody .av-special-heading.av-jgs0mnr3-4ab89f046934b38bd54afef01c03d39c .av-special-heading-tag .heading-char{\nfont-size:25px;\n}\n#top #wrap_all .av-special-heading.av-jgs0mnr3-4ab89f046934b38bd54afef01c03d39c .av-special-heading-tag{\nfont-size:4vw;\n}\n.av-special-heading.av-jgs0mnr3-4ab89f046934b38bd54afef01c03d39c .av-subheading{\nfont-size:25px;\n}\n\n@media only screen and (min-width: 480px) and (max-width: 767px){ \n#top #wrap_all .av-special-heading.av-jgs0mnr3-4ab89f046934b38bd54afef01c03d39c .av-special-heading-tag{\nfont-size:0.8em;\n}\n}\n\n@media only screen and (max-width: 479px){ \n#top #wrap_all .av-special-heading.av-jgs0mnr3-4ab89f046934b38bd54afef01c03d39c .av-special-heading-tag{\nfont-size:0.8em;\n}\n}\n<\/style>\n<div  class='av-special-heading av-jgs0mnr3-4ab89f046934b38bd54afef01c03d39c av-special-heading-h2 custom-color-heading blockquote elegant-quote elegant-centered  avia-builder-el-2  avia-builder-el-no-sibling  av-inherit-size'><h2 class='av-special-heading-tag '  itemprop=\"headline\"  ><span class=\"heading-wrap\">Prozessbegleitung<\/span><\/h2><div class=\"special-heading-border\"><div class=\"special-heading-inner-border\"><\/div><\/div><\/div><\/div>\n<\/div><\/div><\/main><!-- close content main element --><\/div><\/div><\/div><div id='after_section_1'  class='main_color av_default_container_wrap container_wrap fullsize'  ><div class='container av-section-cont-open' ><div class='template-page content  av-content-full alpha units'><div class='post-entry post-entry-type-page post-entry-1076'><div class='entry-content-wrapper clearfix'>\n<div  class='flex_column av-4rz2x0-fb4e98e281e87ad5e0b5d1bc8e514288 av_one_half  avia-builder-el-3  el_after_av_section  el_before_av_one_half  avia-builder-el-first  first flex_column_div  '     ><section  class='av_textblock_section av-m5e0oqng-70f1bf197717a62b1ebb59f51452d9cc '   itemscope=\"itemscope\" itemtype=\"https:\/\/schema.org\/CreativeWork\" ><div class='avia_textblock'  itemprop=\"text\" ><p>Sie haben eine Vorstellung Ihres Ziels &#8211; ich berate und begleite professionell Ihren Weg zur Umsetzung. Dabei besteht immer Transparenz \u00fcber den Ablauf.<\/p>\n<p><strong>Planungsberatung<\/strong><\/p>\n<p>Sie m\u00f6chten neue Themen einbinden, ein Projekt verankern oder zukunftsorientierte Ziele definieren? Gerne berate ich Sie in der konkreten Planung von Zeit, Beteiligung, Budget, Ressourcen und Meilen- sowie Stolpersteinen bzw. dem sinnvollen Einsatz von vorhandenen Mitteln.<\/p>\n<p><strong>Entwicklungsunterst\u00fctzung f\u00fcr Strukturen<\/strong><\/p>\n<p>Sie m\u00f6chten einen Fachbereich weiterentwickeln?\u00a0 Fachbereiche sollen \u00fcbergreifend ein Thema entwickeln? Oder sogar verschiedene Systeme zusammenbringen? Zum Beispiel soll Ihr kooperativer Ganztag weiterentwickelt werden?<\/p>\n<p>Entwicklung wird nicht automatisch von allen Beteiligten als Chance gesehen. Es gibt Widerst\u00e4nde, da Bekanntes und damit Sicherheit eventuell aufgegeben werden muss. Unterschiedliche Systeme haben unterschiedliche Regeln und Gesetzm\u00e4\u00dfigkeiten, Wertvorstellungen und Gesetze. Nur wenn das Unbekannte einen erkennbaren Mehrwert f\u00fcr die betroffenen Personen mit sich bringt, wird das jeweilige Engagement bei jedem Einzelnen entsprechend gesteigert und die Umsetzung einen langfristigen Erfolg haben.<\/p>\n<p>Gerne unterst\u00fctze ich die Entwicklung Ihrer Strukturen.<\/p>\n<p><strong>Teamentwicklung und Qualit\u00e4tsentwicklung<\/strong><\/p>\n<p>Team- und Qualit\u00e4tsentwicklung basiert auf komplexen Wechselwirkungen zwischen Strukturen und Beziehungen. Mit meinem konstruktiven &#8222;Blick von au\u00dfen&#8220; kann der Nutzen von akzeptierter Teamarbeit und Qualit\u00e4tsstandards sichtbar werden.<\/p>\n<p>Haben Sie bereits etablierte Kooperationssituationen? Ben\u00f6tigen Sie eine klare Aufgabendifferenzierung, Rollenkl\u00e4rung und Rollendefinitionen? Wie stabil sind ein gemeinsames Selbstverst\u00e4ndnis, ein l\u00f6sungsorientierter Kommunikations- und Konsenswille sowie eine wertsch\u00e4tzende Kommunikation?<\/p>\n<p><strong>Missionsorientierte Entwicklung<\/strong><\/p>\n<p>Bedeutet nichts anderes, als dass das Thema im Vordergrund steht, die sogenannte &#8222;Mission&#8220; und nicht die einzelnen, vers\u00e4ulten, abgegrenzten Zust\u00e4ndigkeitsbereiche, die sich darum k\u00fcmmern. Wen und was braucht es, damit die Mission gelingen kann? Wer muss an den Tisch? Wer kann etwas dazu beitragen? Welche Ebene ist dazu notwendig? Welche Fachkenntnis? Welche Ressourcen?<\/p>\n<p><strong>Zukunfts- und Entwicklungswerkst\u00e4tten<\/strong><\/p>\n<p>Sogenannte Foresight-Prozesse blicken weiter in die Zukunft. Wie sollte das Thema in 10 Jahren aussehen und was m\u00fcsste daf\u00fcr heute schon angegangen werden? Wie k\u00f6nnte es noch schlimmer kommen? Was k\u00f6nnte ein Negativ-Scenario verhindern?<\/p>\n<p><strong>Visualisierte Planung als Wissensmanagement<\/strong><\/p>\n<p>Wissensmanagement ist mir angesichts des erh\u00f6hten Fachkr\u00e4ftewechsels ein besonderes Anliegen. Visualisierungen stellen eine Methode dar, um die Ergebnissicherung f\u00fcr die Beteiligten zu unterst\u00fctzen. Es vereinfacht die Einbindung von Personen, die im Entwicklungsprozess nicht (durchgehend) beteiligt wurden. Mehrseitige Protokolle und Entwicklungskonzepte sind f\u00fcr die Detailkl\u00e4rung wichtig, doch um das Gesamtbild auf einen Blick zu erfassen, braucht es im wahrsten Sinne des Wortes ein Bild. Gerne begleite ich daher Ihren Entwicklungsprozess mit Visualisierungen zum Gesamtplan oder Teilabschnitten. Hierbei geht es nicht um graphic recording, also keine simultane zeichnerische Protokollerstellung, sondern um visualisierte Planungsunterst\u00fctzung im Gesamtprozess.<\/p>\n<\/div><\/section><\/div><div  class='flex_column av-2sz510-2c6777f469aeb73aacdc068710d5cb04 av_one_half  avia-builder-el-5  el_after_av_one_half  el_before_av_hr  flex_column_div  '     ><p>\n<style type=\"text\/css\" data-created_by=\"avia_inline_auto\" id=\"style-css-av-m5e0p4fk-693f2bdaed654ccb0fc6174291930090\">\n.avia-image-container.av-m5e0p4fk-693f2bdaed654ccb0fc6174291930090 img.avia_image{\nbox-shadow:none;\n}\n.avia-image-container.av-m5e0p4fk-693f2bdaed654ccb0fc6174291930090 .av-image-caption-overlay-center{\ncolor:#ffffff;\n}\n<\/style>\n<div  class='avia-image-container av-m5e0p4fk-693f2bdaed654ccb0fc6174291930090 av-styling- avia_animated_image av-animated-when-visible-95 bottom-to-top avia-align-center  avia-builder-el-6  el_before_av_textblock  avia-builder-el-first '   itemprop=\"image\" itemscope=\"itemscope\" itemtype=\"https:\/\/schema.org\/ImageObject\" ><div class=\"avia-image-container-inner\"><div class=\"avia-image-overlay-wrap\"><img decoding=\"async\" fetchpriority=\"high\" class='wp-image-1109 avia-img-lazy-loading-not-1109 avia_image ' src=\"https:\/\/niederschulte-beratungsprinzip.de\/wp-content\/uploads\/2025\/01\/image-1129x1500.jpeg\" alt='' title='image'  height=\"1500\" width=\"1129\"  itemprop=\"thumbnailUrl\" srcset=\"https:\/\/niederschulte-beratungsprinzip.de\/wp-content\/uploads\/2025\/01\/image-1129x1500.jpeg 1129w, https:\/\/niederschulte-beratungsprinzip.de\/wp-content\/uploads\/2025\/01\/image-226x300.jpeg 226w, https:\/\/niederschulte-beratungsprinzip.de\/wp-content\/uploads\/2025\/01\/image-771x1024.jpeg 771w, https:\/\/niederschulte-beratungsprinzip.de\/wp-content\/uploads\/2025\/01\/image-768x1020.jpeg 768w, https:\/\/niederschulte-beratungsprinzip.de\/wp-content\/uploads\/2025\/01\/image-1157x1536.jpeg 1157w, https:\/\/niederschulte-beratungsprinzip.de\/wp-content\/uploads\/2025\/01\/image-531x705.jpeg 531w, https:\/\/niederschulte-beratungsprinzip.de\/wp-content\/uploads\/2025\/01\/image.jpeg 1542w\" sizes=\"(max-width: 1129px) 100vw, 1129px\" \/><\/div><\/div><\/div><br \/>\n<section  class='av_textblock_section av-m73pifzo-cf769ec908cddaabf537959b53ca7391 '   itemscope=\"itemscope\" itemtype=\"https:\/\/schema.org\/CreativeWork\" ><div class='avia_textblock'  itemprop=\"text\" ><p><strong>Integrierte Datenplanung<\/strong><\/p>\n<p>Einzelne Bereiche (Jugend, Gesundheit, Arbeit, Wohnen, Infrastruktur, Bildung&#8230;) sind wie ein unterirdisches Pilzgeflecht miteinander verbunden. Jeder Bereich verf\u00fcgt \u00fcber Daten und sie bilden die Grundlage der Planung. Doch das &#8222;Datengesch\u00e4ft&#8220; beinhaltet eine Menge T\u00fccken. Was ist der Unterschied zwischen Einwohnermeldedaten und Daten von IT-NRW? Wann sind auch Prozentzahlen nicht aussagekr\u00e4ftig und f\u00fchren sogar zu falschen Aussagen bei Schuleingangsuntersuchungen? Was sind Zeitscheiben bei Leistungsberechtigten? Integrierte Datenkonzepte ben\u00f6tigen viel Zeit und Know-how, zudem Kenntnisse \u00fcber Verwaltungsstrukturen.<\/p>\n<p><strong>Prozessbegleitung <\/strong><\/p>\n<p>Entwicklungsprozesse, innovative Projekte, Strukturen, Abl\u00e4ufe, Leitlinien&#8230; Sprechen Sie mich gerne an und wir kl\u00e4ren, welche Formate Sie ben\u00f6tigen.<\/p>\n<p>Meine langj\u00e4hrige Planungserfahrung aus der Zusammenarbeit mit Kommunen, anerkannten Freien Tr\u00e4gern der Jugendhilfe und politischen Gremien sowie umfangreiche Kenntnisse sozialer Infrastruktur und Sozialplanung bringe ich hierbei gerne mit ein.<\/p>\n<\/div><\/section><\/p><\/div><\/p>\n\n<style type=\"text\/css\" data-created_by=\"avia_inline_auto\" id=\"style-css-av-jgf4q5kq-bfb0f19f812bf07af9ac8099f74f3ba3\">\n#top .hr.hr-invisible.av-jgf4q5kq-bfb0f19f812bf07af9ac8099f74f3ba3{\nheight:20px;\n}\n<\/style>\n<div  class='hr av-jgf4q5kq-bfb0f19f812bf07af9ac8099f74f3ba3 hr-invisible  avia-builder-el-8  el_after_av_one_half  el_before_av_hr '><span class='hr-inner '><span class=\"hr-inner-style\"><\/span><\/span><\/div>\n\n<style type=\"text\/css\" data-created_by=\"avia_inline_auto\" id=\"style-css-av-6q38a-1481ce3c8974f6d867c3bc87aa640efd\">\n#top .hr.hr-invisible.av-6q38a-1481ce3c8974f6d867c3bc87aa640efd{\nheight:20px;\n}\n<\/style>\n<div  class='hr av-6q38a-1481ce3c8974f6d867c3bc87aa640efd hr-invisible  avia-builder-el-9  el_after_av_hr  el_before_av_section  avia-builder-el-last '><span class='hr-inner '><span class=\"hr-inner-style\"><\/span><\/span><\/div>\n<\/div><\/div><\/div><!-- close content main div --><\/div><\/div>\n<style type=\"text\/css\" data-created_by=\"avia_inline_auto\" id=\"style-css-av-qet8u-56-64391e820c5b5dcfba0c6b5f58bf8c3e\">\n.avia-section.av-qet8u-56-64391e820c5b5dcfba0c6b5f58bf8c3e{\nbackground-color:#094978;\nbackground:linear-gradient( to top right, #094978, #105e96 );\n}\n<\/style>\n<div id='av_section_2'  class='avia-section av-qet8u-56-64391e820c5b5dcfba0c6b5f58bf8c3e main_color avia-section-default avia-no-border-styling  avia-builder-el-10  el_after_av_hr  el_before_av_hr  avia-bg-style-scroll container_wrap fullsize'  ><div class='container av-section-cont-open' ><div class='template-page content  av-content-full alpha units'><div class='post-entry post-entry-type-page post-entry-1076'><div class='entry-content-wrapper clearfix'>\n\n<style type=\"text\/css\" data-created_by=\"avia_inline_auto\" id=\"style-css-av-m3re2vdw-436f997c643ca48cd7c19e320c8aebd3\">\n#top .av-special-heading.av-m3re2vdw-436f997c643ca48cd7c19e320c8aebd3{\npadding-bottom:10px;\ncolor:#ffffff;\n}\nbody .av-special-heading.av-m3re2vdw-436f997c643ca48cd7c19e320c8aebd3 .av-special-heading-tag .heading-char{\nfont-size:25px;\n}\n.av-special-heading.av-m3re2vdw-436f997c643ca48cd7c19e320c8aebd3 .special-heading-inner-border{\nborder-color:#ffffff;\n}\n.av-special-heading.av-m3re2vdw-436f997c643ca48cd7c19e320c8aebd3 .av-subheading{\nfont-size:15px;\n}\n<\/style>\n<div  class='av-special-heading av-m3re2vdw-436f997c643ca48cd7c19e320c8aebd3 av-special-heading-h3 custom-color-heading blockquote elegant-quote elegant-centered  avia-builder-el-11  el_before_av_one_full  avia-builder-el-first '><h3 class='av-special-heading-tag '  itemprop=\"headline\"  ><span class=\"heading-wrap\">Haben Sie Interesse an einer Prozessbegleitung?<\/span><\/h3><div class=\"special-heading-border\"><div class=\"special-heading-inner-border\"><\/div><\/div><\/div>\n<div class='flex_column_table av-lsyke-2634925810cdf971c2a347148155bd71 sc-av_one_full av-equal-height-column-flextable'>\n<style type=\"text\/css\" data-created_by=\"avia_inline_auto\" id=\"style-css-av-lsyke-2634925810cdf971c2a347148155bd71\">\n.flex_column.av-lsyke-2634925810cdf971c2a347148155bd71{\nborder-radius:0px 0px 0px 0px;\npadding:0px 0px 0px 0px;\n}\n<\/style>\n<div  class='flex_column av-lsyke-2634925810cdf971c2a347148155bd71 av_one_full  avia-builder-el-12  el_after_av_heading  avia-builder-el-last  first flex_column_table_cell av-equal-height-column av-align-middle av-zero-column-padding  '     ><div  class='avia-button-wrap av-jgf4ovnq-28-adfc4e2587d4a4516c29f493bf03feb3-wrap avia-button-center  avia-builder-el-13  avia-builder-el-no-sibling '>\n<style type=\"text\/css\" data-created_by=\"avia_inline_auto\" id=\"style-css-av-jgf4ovnq-28-adfc4e2587d4a4516c29f493bf03feb3\">\n#top #wrap_all .avia-button.av-jgf4ovnq-28-adfc4e2587d4a4516c29f493bf03feb3{\nbackground-color:#ffffff;\nborder-color:#ffffff;\ncolor:#000000;\ntransition:all 0.4s ease-in-out;\n}\n#top #wrap_all .avia-button.av-jgf4ovnq-28-adfc4e2587d4a4516c29f493bf03feb3 .avia-svg-icon svg:first-child{\nfill:#000000;\nstroke:#000000;\n}\n<\/style>\n<a href='https:\/\/niederschulte-beratungsprinzip.de\/?page_id=156'  class='avia-button av-jgf4ovnq-28-adfc4e2587d4a4516c29f493bf03feb3 av-link-btn avia-icon_select-yes-right-icon avia-size-large avia-position-center av-icon-on-hover'   aria-label=\"Kontakt\"><span class='avia_iconbox_title' >Kontakt<\/span><span class='avia_button_icon avia_button_icon_right avia-iconfont avia-font-entypo-fontello' data-av_icon='\ue879' data-av_iconfont='entypo-fontello' ><\/span><\/a><\/div><\/div><\/div><!--close column table wrapper. Autoclose: 1 -->\n<\/div><\/div><\/div><!-- close content main div --><\/div><\/div><div id='after_section_2'  class='main_color av_default_container_wrap container_wrap fullsize'  ><div class='container av-section-cont-open' ><div class='template-page content  av-content-full alpha units'><div class='post-entry post-entry-type-page post-entry-1076'><div class='entry-content-wrapper clearfix'>\n\n<style type=\"text\/css\" data-created_by=\"avia_inline_auto\" id=\"style-css-av-m3relomu-790a878a81cf35bb21aa04bd3291a6c9\">\n#top .hr.av-m3relomu-790a878a81cf35bb21aa04bd3291a6c9{\nmargin-top:50px;\nmargin-bottom:65px;\n}\n.hr.av-m3relomu-790a878a81cf35bb21aa04bd3291a6c9 .hr-inner{\nwidth:50px;\nborder-color:#d3d3d3;\nmax-width:45%;\n}\n.hr.av-m3relomu-790a878a81cf35bb21aa04bd3291a6c9 .av-seperator-icon{\ncolor:#072f4c;\n}\n.hr.av-m3relomu-790a878a81cf35bb21aa04bd3291a6c9 .av-seperator-icon.avia-svg-icon svg:first-child{\nfill:#072f4c;\nstroke:#072f4c;\n}\n<\/style>\n<div  class='hr av-m3relomu-790a878a81cf35bb21aa04bd3291a6c9 hr-custom  avia-builder-el-14  el_after_av_section  el_before_av_heading  avia-builder-el-first  hr-center hr-icon-yes'><span class='hr-inner inner-border-av-border-thin'><span class=\"hr-inner-style\"><\/span><\/span><span class='av-seperator-icon avia-iconfont avia-font-entypo-fontello' data-av_icon='\ue841' data-av_iconfont='entypo-fontello' ><\/span><span class='hr-inner inner-border-av-border-thin'><span class=\"hr-inner-style\"><\/span><\/span><\/div>\n\n<style type=\"text\/css\" data-created_by=\"avia_inline_auto\" id=\"style-css-av-m3re8wa1-a93244583c9b7df0f986e176453217e1\">\n#top .av-special-heading.av-m3re8wa1-a93244583c9b7df0f986e176453217e1{\npadding-bottom:10px;\n}\nbody .av-special-heading.av-m3re8wa1-a93244583c9b7df0f986e176453217e1 .av-special-heading-tag .heading-char{\nfont-size:25px;\n}\n.av-special-heading.av-m3re8wa1-a93244583c9b7df0f986e176453217e1 .av-subheading{\nfont-size:15px;\n}\n<\/style>\n<div  class='av-special-heading av-m3re8wa1-a93244583c9b7df0f986e176453217e1 av-special-heading-h3 blockquote elegant-quote elegant-centered  avia-builder-el-15  el_after_av_hr  el_before_av_buttonrow '><h3 class='av-special-heading-tag '  itemprop=\"headline\"  ><span class=\"heading-wrap\">Leistungen<\/span><\/h3><div class=\"special-heading-border\"><div class=\"special-heading-inner-border\"><\/div><\/div><\/div>\n<div  class='avia-buttonrow-wrap av-m3rebz6i-1e6b773921993220373bb55e9acdf390 avia-buttonrow-center  avia-builder-el-16  el_after_av_heading  avia-builder-el-last '>\n\n<style type=\"text\/css\" data-created_by=\"avia_inline_auto\" id=\"style-css-av-m3rebezk-d3b7734a28e9499ac519ac15f7d97888\">\n#top #wrap_all .avia-button.av-m3rebezk-d3b7734a28e9499ac519ac15f7d97888{\nmargin-bottom:5px;\nmargin-right:3px;\nmargin-left:3px;\n}\n<\/style>\n<a href='https:\/\/niederschulte-beratungsprinzip.de\/?page_id=1243'  class='avia-button av-m3rebezk-d3b7734a28e9499ac519ac15f7d97888 avia-icon_select-no avia-size-small avia-color-theme-color'   aria-label=\"Weitere Leistungen\"><span class='avia_iconbox_title' >Weitere Leistungen<\/span><\/a>\n\n<style type=\"text\/css\" data-created_by=\"avia_inline_auto\" id=\"style-css-av-m3reby7z-80d6c81b206cd3a9c914e73926e87fa4\">\n#top #wrap_all .avia-button.av-m3reby7z-80d6c81b206cd3a9c914e73926e87fa4{\nmargin-bottom:5px;\nmargin-right:3px;\nmargin-left:3px;\n}\n<\/style>\n<a href='https:\/\/niederschulte-beratungsprinzip.de\/?page_id=969'  class='avia-button av-m3reby7z-80d6c81b206cd3a9c914e73926e87fa4 avia-icon_select-no avia-size-small avia-color-theme-color'   aria-label=\"Moderation\"><span class='avia_iconbox_title' >Moderation<\/span><\/a>\n<\/div>\n","protected":false},"excerpt":{"rendered":"","protected":false},"author":2,"featured_media":0,"parent":0,"menu_order":0,"comment_status":"closed","ping_status":"closed","template":"","meta":{"footnotes":""},"class_list":["post-1076","page","type-page","status-publish","hentry"],"yoast_head":"<!-- This site is optimized with the Yoast SEO plugin v27.5 - https:\/\/yoast.com\/product\/yoast-seo-wordpress\/ -->\n<title>Prozessbegleitung - Niederschulte-Beratungsprinzip<\/title>\n<meta name=\"robots\" content=\"index, follow, max-snippet:-1, max-image-preview:large, max-video-preview:-1\" \/>\n<link rel=\"canonical\" href=\"https:\/\/niederschulte-beratungsprinzip.de\/?page_id=1076\" \/>\n<meta property=\"og:locale\" content=\"de_DE\" \/>\n<meta property=\"og:type\" content=\"article\" \/>\n<meta property=\"og:title\" content=\"Prozessbegleitung - Niederschulte-Beratungsprinzip\" \/>\n<meta property=\"og:url\" content=\"https:\/\/niederschulte-beratungsprinzip.de\/?page_id=1076\" \/>\n<meta property=\"og:site_name\" content=\"Niederschulte-Beratungsprinzip\" \/>\n<meta property=\"article:modified_time\" content=\"2025-05-28T19:20:19+00:00\" \/>\n<meta name=\"twitter:card\" content=\"summary_large_image\" \/>\n<meta name=\"twitter:label1\" content=\"Gesch\u00e4tzte Lesezeit\" \/>\n\t<meta name=\"twitter:data1\" content=\"4\u00a0Minuten\" \/>\n<script type=\"application\/ld+json\" class=\"yoast-schema-graph\">{\"@context\":\"https:\\\/\\\/schema.org\",\"@graph\":[{\"@type\":\"WebPage\",\"@id\":\"https:\\\/\\\/niederschulte-beratungsprinzip.de\\\/?page_id=1076\",\"url\":\"https:\\\/\\\/niederschulte-beratungsprinzip.de\\\/?page_id=1076\",\"name\":\"Prozessbegleitung - Niederschulte-Beratungsprinzip\",\"isPartOf\":{\"@id\":\"https:\\\/\\\/niederschulte-beratungsprinzip.de\\\/#website\"},\"datePublished\":\"2025-01-26T16:43:32+00:00\",\"dateModified\":\"2025-05-28T19:20:19+00:00\",\"breadcrumb\":{\"@id\":\"https:\\\/\\\/niederschulte-beratungsprinzip.de\\\/?page_id=1076#breadcrumb\"},\"inLanguage\":\"de\",\"potentialAction\":[{\"@type\":\"ReadAction\",\"target\":[\"https:\\\/\\\/niederschulte-beratungsprinzip.de\\\/?page_id=1076\"]}]},{\"@type\":\"BreadcrumbList\",\"@id\":\"https:\\\/\\\/niederschulte-beratungsprinzip.de\\\/?page_id=1076#breadcrumb\",\"itemListElement\":[{\"@type\":\"ListItem\",\"position\":1,\"name\":\"Startseite\",\"item\":\"https:\\\/\\\/niederschulte-beratungsprinzip.de\\\/\"},{\"@type\":\"ListItem\",\"position\":2,\"name\":\"Prozessbegleitung\"}]},{\"@type\":\"WebSite\",\"@id\":\"https:\\\/\\\/niederschulte-beratungsprinzip.de\\\/#website\",\"url\":\"https:\\\/\\\/niederschulte-beratungsprinzip.de\\\/\",\"name\":\"Niederschulte-Beratungsprinzip\",\"description\":\"\",\"potentialAction\":[{\"@type\":\"SearchAction\",\"target\":{\"@type\":\"EntryPoint\",\"urlTemplate\":\"https:\\\/\\\/niederschulte-beratungsprinzip.de\\\/?s={search_term_string}\"},\"query-input\":{\"@type\":\"PropertyValueSpecification\",\"valueRequired\":true,\"valueName\":\"search_term_string\"}}],\"inLanguage\":\"de\"}]}<\/script>\n<!-- \/ Yoast SEO plugin. -->","yoast_head_json":{"title":"Prozessbegleitung - Niederschulte-Beratungsprinzip","robots":{"index":"index","follow":"follow","max-snippet":"max-snippet:-1","max-image-preview":"max-image-preview:large","max-video-preview":"max-video-preview:-1"},"canonical":"https:\/\/niederschulte-beratungsprinzip.de\/?page_id=1076","og_locale":"de_DE","og_type":"article","og_title":"Prozessbegleitung - Niederschulte-Beratungsprinzip","og_url":"https:\/\/niederschulte-beratungsprinzip.de\/?page_id=1076","og_site_name":"Niederschulte-Beratungsprinzip","article_modified_time":"2025-05-28T19:20:19+00:00","twitter_card":"summary_large_image","twitter_misc":{"Gesch\u00e4tzte Lesezeit":"4\u00a0Minuten"},"schema":{"@context":"https:\/\/schema.org","@graph":[{"@type":"WebPage","@id":"https:\/\/niederschulte-beratungsprinzip.de\/?page_id=1076","url":"https:\/\/niederschulte-beratungsprinzip.de\/?page_id=1076","name":"Prozessbegleitung - Niederschulte-Beratungsprinzip","isPartOf":{"@id":"https:\/\/niederschulte-beratungsprinzip.de\/#website"},"datePublished":"2025-01-26T16:43:32+00:00","dateModified":"2025-05-28T19:20:19+00:00","breadcrumb":{"@id":"https:\/\/niederschulte-beratungsprinzip.de\/?page_id=1076#breadcrumb"},"inLanguage":"de","potentialAction":[{"@type":"ReadAction","target":["https:\/\/niederschulte-beratungsprinzip.de\/?page_id=1076"]}]},{"@type":"BreadcrumbList","@id":"https:\/\/niederschulte-beratungsprinzip.de\/?page_id=1076#breadcrumb","itemListElement":[{"@type":"ListItem","position":1,"name":"Startseite","item":"https:\/\/niederschulte-beratungsprinzip.de\/"},{"@type":"ListItem","position":2,"name":"Prozessbegleitung"}]},{"@type":"WebSite","@id":"https:\/\/niederschulte-beratungsprinzip.de\/#website","url":"https:\/\/niederschulte-beratungsprinzip.de\/","name":"Niederschulte-Beratungsprinzip","description":"","potentialAction":[{"@type":"SearchAction","target":{"@type":"EntryPoint","urlTemplate":"https:\/\/niederschulte-beratungsprinzip.de\/?s={search_term_string}"},"query-input":{"@type":"PropertyValueSpecification","valueRequired":true,"valueName":"search_term_string"}}],"inLanguage":"de"}]}},"_links":{"self":[{"href":"https:\/\/niederschulte-beratungsprinzip.de\/index.php?rest_route=\/wp\/v2\/pages\/1076","targetHints":{"allow":["GET"]}}],"collection":[{"href":"https:\/\/niederschulte-beratungsprinzip.de\/index.php?rest_route=\/wp\/v2\/pages"}],"about":[{"href":"https:\/\/niederschulte-beratungsprinzip.de\/index.php?rest_route=\/wp\/v2\/types\/page"}],"author":[{"embeddable":true,"href":"https:\/\/niederschulte-beratungsprinzip.de\/index.php?rest_route=\/wp\/v2\/users\/2"}],"replies":[{"embeddable":true,"href":"https:\/\/niederschulte-beratungsprinzip.de\/index.php?rest_route=%2Fwp%2Fv2%2Fcomments&post=1076"}],"version-history":[{"count":33,"href":"https:\/\/niederschulte-beratungsprinzip.de\/index.php?rest_route=\/wp\/v2\/pages\/1076\/revisions"}],"predecessor-version":[{"id":1444,"href":"https:\/\/niederschulte-beratungsprinzip.de\/index.php?rest_route=\/wp\/v2\/pages\/1076\/revisions\/1444"}],"wp:attachment":[{"href":"https:\/\/niederschulte-beratungsprinzip.de\/index.php?rest_route=%2Fwp%2Fv2%2Fmedia&parent=1076"}],"curies":[{"name":"wp","href":"https:\/\/api.w.org\/{rel}","templated":true}]}}